{"id":145,"date":"2025-05-13T13:45:34","date_gmt":"2025-05-13T16:45:34","guid":{"rendered":"https:\/\/abvcap.com.br\/?page_id=145"},"modified":"2025-09-05T13:22:31","modified_gmt":"2025-09-05T16:22:31","slug":"educacao-executiva","status":"publish","type":"page","link":"https:\/\/abvcap.com.br\/en\/programas\/educacao-executiva\/","title":{"rendered":"Executive Education"},"content":{"rendered":"\t\t<div data-elementor-type=\"wp-page\" data-elementor-id=\"145\" class=\"elementor elementor-145\" data-elementor-post-type=\"page\">\n\t\t\t\t<div class=\"elementor-element elementor-element-21c6cea e-flex e-con-boxed e-con e-parent\" data-id=\"21c6cea\" data-element_type=\"container\" data-e-type=\"container\" data-settings=\"{&quot;background_background&quot;:&quot;classic&quot;}\">\n\t\t\t\t\t<div class=\"e-con-inner\">\n\t\t\t\t<div class=\"elementor-element elementor-element-4989ec1 elementor-grid-1 elementor-grid-tablet-1 elementor-grid-mobile-1 elementor-widget elementor-widget-loop-grid\" data-id=\"4989ec1\" data-element_type=\"widget\" data-e-type=\"widget\" data-settings=\"{&quot;template_id&quot;:&quot;2721&quot;,&quot;columns&quot;:1,&quot;columns_tablet&quot;:1,&quot;_skin&quot;:&quot;post&quot;,&quot;columns_mobile&quot;:&quot;1&quot;,&quot;edit_handle_selector&quot;:&quot;[data-elementor-type=\\&quot;loop-item\\&quot;]&quot;,&quot;row_gap&quot;:{&quot;unit&quot;:&quot;px&quot;,&quot;size&quot;:&quot;&quot;,&quot;sizes&quot;:[]},&quot;row_gap_laptop&quot;:{&quot;unit&quot;:&quot;px&quot;,&quot;size&quot;:&quot;&quot;,&quot;sizes&quot;:[]},&quot;row_gap_tablet&quot;:{&quot;unit&quot;:&quot;px&quot;,&quot;size&quot;:&quot;&quot;,&quot;sizes&quot;:[]},&quot;row_gap_mobile&quot;:{&quot;unit&quot;:&quot;px&quot;,&quot;size&quot;:&quot;&quot;,&quot;sizes&quot;:[]}}\" data-widget_type=\"loop-grid.post\">\n\t\t\t\t<div class=\"elementor-widget-container\">\n\t\t\t\t\t\t\t<div class=\"elementor-loop-container elementor-grid\" role=\"list\">\n\t\t<style id=\"loop-dynamic-2721\">.e-loop-item-3511 .elementor-element.elementor-element-166caa51:not(.elementor-motion-effects-element-type-background), .e-loop-item-3511 .elementor-element.elementor-element-166caa51 > .elementor-motion-effects-container > .elementor-motion-effects-layer{background-image:url(\"https:\/\/abvcap.com.br\/wp-content\/uploads\/2025\/09\/background.webp\");}<\/style><style id=\"loop-2721\">.elementor-2721 .elementor-element.elementor-element-3872b82f{--display:flex;--flex-direction:row;--container-widget-width:initial;--container-widget-height:100%;--container-widget-flex-grow:1;--container-widget-align-self:stretch;--flex-wrap-mobile:wrap;--gap:0px 0px;--row-gap:0px;--column-gap:0px;--border-radius:20px 20px 20px 20px;box-shadow:0px 5px 15px 0px rgba(0, 0, 0, 0.1);--padding-top:15px;--padding-bottom:15px;--padding-left:15px;--padding-right:15px;}.elementor-2721 .elementor-element.elementor-element-3872b82f:not(.elementor-motion-effects-element-type-background), .elementor-2721 .elementor-element.elementor-element-3872b82f > .elementor-motion-effects-container > .elementor-motion-effects-layer{background-color:var( --e-global-color-5d35c60 );}.elementor-2721 .elementor-element.elementor-element-3872b82f:hover{box-shadow:0px 3px 8px 0px rgba(0, 0, 0, 0.25);}.elementor-2721 .elementor-element.elementor-element-166caa51{--display:flex;--min-height:45vh;--flex-direction:column;--container-widget-width:100%;--container-widget-height:initial;--container-widget-flex-grow:0;--container-widget-align-self:initial;--flex-wrap-mobile:wrap;--border-radius:10px 10px 10px 10px;--padding-top:0px;--padding-bottom:0px;--padding-left:0px;--padding-right:0px;}.elementor-2721 .elementor-element.elementor-element-166caa51:not(.elementor-motion-effects-element-type-background), .elementor-2721 .elementor-element.elementor-element-166caa51 > .elementor-motion-effects-container > .elementor-motion-effects-layer{background-color:var( --e-global-color-4ee8a3b );background-position:center center;background-repeat:no-repeat;background-size:cover;}.elementor-2721 .elementor-element.elementor-element-54c15884{--display:flex;--flex-direction:column;--container-widget-width:100%;--container-widget-height:initial;--container-widget-flex-grow:0;--container-widget-align-self:initial;--flex-wrap-mobile:wrap;--justify-content:space-between;--padding-top:20px;--padding-bottom:20px;--padding-left:20px;--padding-right:20px;}.elementor-2721 .elementor-element.elementor-element-7ca02997 .elementor-cta__content{text-align:start;padding:10px 10px 10px 0px;background-color:var( --e-global-color-e5a3b5a );}.elementor-2721 .elementor-element.elementor-element-7ca02997 .elementor-cta__bg-wrapper{min-height:170px;}.elementor-2721 .elementor-element.elementor-element-7ca02997 .elementor-cta__description{font-family:var( --e-global-typography-07c2403-font-family ), Sans-serif;font-size:var( --e-global-typography-07c2403-font-size );font-weight:var( --e-global-typography-07c2403-font-weight );line-height:var( --e-global-typography-07c2403-line-height );letter-spacing:var( --e-global-typography-07c2403-letter-spacing );word-spacing:var( --e-global-typography-07c2403-word-spacing );color:var( --e-global-color-primary );}.elementor-2721 .elementor-element.elementor-element-7ca02997 .elementor-cta__description:not(:last-child){margin-bottom:20px;}.elementor-2721 .elementor-element.elementor-element-7ca02997 .elementor-cta__button{font-family:var( --e-global-typography-accent-font-family ), Sans-serif;font-size:var( --e-global-typography-accent-font-size );font-weight:var( --e-global-typography-accent-font-weight );line-height:var( --e-global-typography-accent-line-height );color:var( --e-global-color-primary );background-color:var( --e-global-color-e5a3b5a );border-color:var( --e-global-color-primary );border-width:0px;border-radius:50px;padding:0px 0px 0px 0px;}.elementor-2721 .elementor-element.elementor-element-7ca02997 .elementor-cta__button:hover{color:var( --e-global-color-primary );background-color:var( --e-global-color-e5a3b5a );border-color:var( --e-global-color-primary );}.elementor-2721 .elementor-element.elementor-element-7ca02997 .elementor-cta:hover .elementor-cta__bg-overlay{background-color:var( --e-global-color-e5a3b5a );}.elementor-2721 .elementor-element.elementor-element-7ca02997 .elementor-cta .elementor-cta__bg, .elementor-2721 .elementor-element.elementor-element-7ca02997 .elementor-cta .elementor-cta__bg-overlay{transition-duration:400ms;}.elementor-2721 .elementor-element.elementor-element-7ca02997{z-index:0;}.elementor-2721 .elementor-element.elementor-element-a6e2cd9 .elementor-icon-list-icon i{transition:color 0.3s;}.elementor-2721 .elementor-element.elementor-element-a6e2cd9 .elementor-icon-list-icon svg{transition:fill 0.3s;}.elementor-2721 .elementor-element.elementor-element-a6e2cd9{--e-icon-list-icon-size:14px;--icon-vertical-offset:0px;margin:0px 0px calc(var(--kit-widget-spacing, 0px) + 0px) 0px;padding:15px 0px 0px 0px;border-style:solid;border-width:1px 0px 0px 0px;border-color:var( --e-global-color-text );}.elementor-2721 .elementor-element.elementor-element-a6e2cd9 .elementor-icon-list-item > .elementor-icon-list-text, .elementor-2721 .elementor-element.elementor-element-a6e2cd9 .elementor-icon-list-item > a{font-family:var( --e-global-typography-accent-font-family ), Sans-serif;font-size:var( --e-global-typography-accent-font-size );font-weight:var( --e-global-typography-accent-font-weight );line-height:var( --e-global-typography-accent-line-height );}.elementor-2721 .elementor-element.elementor-element-a6e2cd9 .elementor-icon-list-text{color:var( --e-global-color-text );transition:color 0.3s;}.elementor-2721 .elementor-element.elementor-element-a6e2cd9 .elementor-icon-list-item:hover .elementor-icon-list-text{color:var( --e-global-color-text );}@media(min-width:768px){.elementor-2721 .elementor-element.elementor-element-166caa51{--width:50%;}.elementor-2721 .elementor-element.elementor-element-54c15884{--width:50%;}}@media(max-width:1366px){.elementor-2721 .elementor-element.elementor-element-166caa51:not(.elementor-motion-effects-element-type-background), .elementor-2721 .elementor-element.elementor-element-166caa51 > .elementor-motion-effects-container > .elementor-motion-effects-layer{background-size:cover;}.elementor-2721 .elementor-element.elementor-element-7ca02997 .elementor-cta__description{font-size:var( --e-global-typography-07c2403-font-size );line-height:var( --e-global-typography-07c2403-line-height );letter-spacing:var( --e-global-typography-07c2403-letter-spacing );word-spacing:var( --e-global-typography-07c2403-word-spacing );}.elementor-2721 .elementor-element.elementor-element-7ca02997 .elementor-cta__button{font-size:var( --e-global-typography-accent-font-size );line-height:var( --e-global-typography-accent-line-height );}.elementor-2721 .elementor-element.elementor-element-a6e2cd9 .elementor-icon-list-item > .elementor-icon-list-text, .elementor-2721 .elementor-element.elementor-element-a6e2cd9 .elementor-icon-list-item > a{font-size:var( --e-global-typography-accent-font-size );line-height:var( --e-global-typography-accent-line-height );}}@media(max-width:1024px){.elementor-2721 .elementor-element.elementor-element-166caa51:not(.elementor-motion-effects-element-type-background), .elementor-2721 .elementor-element.elementor-element-166caa51 > .elementor-motion-effects-container > .elementor-motion-effects-layer{background-size:cover;}.elementor-2721 .elementor-element.elementor-element-7ca02997 .elementor-cta__description{font-size:var( --e-global-typography-07c2403-font-size );line-height:var( --e-global-typography-07c2403-line-height );letter-spacing:var( --e-global-typography-07c2403-letter-spacing );word-spacing:var( --e-global-typography-07c2403-word-spacing );}.elementor-2721 .elementor-element.elementor-element-7ca02997 .elementor-cta__button{font-size:var( --e-global-typography-accent-font-size );line-height:var( --e-global-typography-accent-line-height );}.elementor-2721 .elementor-element.elementor-element-a6e2cd9 .elementor-icon-list-item > .elementor-icon-list-text, .elementor-2721 .elementor-element.elementor-element-a6e2cd9 .elementor-icon-list-item > a{font-size:var( --e-global-typography-accent-font-size );line-height:var( --e-global-typography-accent-line-height );}}@media(max-width:767px){.elementor-2721 .elementor-element.elementor-element-3872b82f{--gap:20px 20px;--row-gap:20px;--column-gap:20px;--padding-top:10px;--padding-bottom:10px;--padding-left:10px;--padding-right:10px;}.elementor-2721 .elementor-element.elementor-element-166caa51{--min-height:25vh;}.elementor-2721 .elementor-element.elementor-element-166caa51:not(.elementor-motion-effects-element-type-background), .elementor-2721 .elementor-element.elementor-element-166caa51 > .elementor-motion-effects-container > .elementor-motion-effects-layer{background-size:cover;}.elementor-2721 .elementor-element.elementor-element-54c15884{--padding-top:10px;--padding-bottom:10px;--padding-left:10px;--padding-right:10px;}.elementor-2721 .elementor-element.elementor-element-7ca02997 .elementor-cta__content{padding:0px 0px 0px 0px;}.elementor-2721 .elementor-element.elementor-element-7ca02997 .elementor-cta__bg-wrapper{min-width:30vw;min-height:15vh;}.elementor-2721 .elementor-element.elementor-element-7ca02997 .elementor-cta__description{font-size:var( --e-global-typography-07c2403-font-size );line-height:var( --e-global-typography-07c2403-line-height );letter-spacing:var( --e-global-typography-07c2403-letter-spacing );word-spacing:var( --e-global-typography-07c2403-word-spacing );}.elementor-2721 .elementor-element.elementor-element-7ca02997 .elementor-cta__description:not(:last-child){margin-bottom:6px;}.elementor-2721 .elementor-element.elementor-element-7ca02997 .elementor-cta__button{font-size:var( --e-global-typography-accent-font-size );line-height:var( --e-global-typography-accent-line-height );}.elementor-2721 .elementor-element.elementor-element-a6e2cd9 .elementor-icon-list-item > .elementor-icon-list-text, .elementor-2721 .elementor-element.elementor-element-a6e2cd9 .elementor-icon-list-item > a{font-size:var( --e-global-typography-accent-font-size );line-height:var( --e-global-typography-accent-line-height );}}\/* Start custom CSS for call-to-action, class: .elementor-element-7ca02997 *\/.elementor-cta__button {\n    text-align: left;\n}\/* End custom CSS *\/<\/style>\t\t<div data-elementor-type=\"loop-item\" data-elementor-id=\"2721\" class=\"elementor elementor-2721 e-loop-item e-loop-item-3511 post-3511 curso type-curso status-publish has-post-thumbnail hentry destaque-destaque tipo-de-curso-presencial\" data-elementor-post-type=\"elementor_library\" data-custom-edit-handle=\"1\">\n\t\t\t<div class=\"elementor-element elementor-element-3872b82f e-con-full e-flex e-con e-parent\" data-id=\"3872b82f\" data-element_type=\"container\" data-e-type=\"container\" data-settings=\"{&quot;background_background&quot;:&quot;classic&quot;}\">\n\t\t<a class=\"elementor-element elementor-element-166caa51 e-con-full e-flex e-con e-child\" data-id=\"166caa51\" data-element_type=\"container\" data-e-type=\"container\" data-settings=\"{&quot;background_background&quot;:&quot;classic&quot;}\" href=\"https:\/\/abvcap.com.br\/en\/curso\/private-equity-e-venture-capital-aprenda-com-quem-faz\/\">\n\t\t\t\t<\/a>\n\t\t<div class=\"elementor-element elementor-element-54c15884 e-con-full e-flex e-con e-child\" data-id=\"54c15884\" data-element_type=\"container\" data-e-type=\"container\">\n\t\t\t\t<div class=\"elementor-element elementor-element-7ca02997 elementor-cta--mobile-layout-image-left elementor-cta--valign-bottom elementor-cta--skin-classic elementor-animated-content elementor-bg-transform elementor-bg-transform-zoom-in elementor-widget elementor-widget-call-to-action\" data-id=\"7ca02997\" data-element_type=\"widget\" data-e-type=\"widget\" data-widget_type=\"call-to-action.default\">\n\t\t\t\t\t\t\t<a class=\"elementor-cta\" href=\"https:\/\/abvcap.com.br\/en\/curso\/private-equity-e-venture-capital-aprenda-com-quem-faz\/\">\n\t\t\t\t\t\t\t<div class=\"elementor-cta__content\">\n\t\t\t\t\n\t\t\t\t\n\t\t\t\t\t\t\t\t\t<div class=\"elementor-cta__description elementor-cta__content-item elementor-content-item\">\n\t\t\t\t\t\tPrivate Equity e Venture Capital | Aprenda com quem faz\t\t\t\t\t<\/div>\n\t\t\t\t\n\t\t\t\t\t\t\t\t\t<div class=\"elementor-cta__button-wrapper elementor-cta__content-item elementor-content-item \">\n\t\t\t\t\t<span class=\"elementor-cta__button elementor-button elementor-size-\">\n\t\t\t\t\t\tDestinado aos profissionais que desejam trabalhar em gestoras de venture capital e private equity, aceleradoras, consultorias voltadas para startups e M&amp;A, profissionais e analistas de investimentos que queiram compreender os diferenciais da ind\u00fastria brasileira de ativos alternativos, empreendedores que queiram entender o mindset dos investidores, reguladores, acad\u00eamicos, advogados que assessoram opera\u00e7\u00f5es de investimentos privados.\t\t\t\t\t<\/span>\n\t\t\t\t\t<\/div>\n\t\t\t\t\t\t\t<\/div>\n\t\t\t\t\t\t<\/a>\n\t\t\t\t\t\t<\/div>\n\t\t\t\t<div class=\"elementor-element elementor-element-a6e2cd9 elementor-icon-list--layout-traditional elementor-list-item-link-full_width elementor-widget elementor-widget-icon-list\" data-id=\"a6e2cd9\" data-element_type=\"widget\" data-e-type=\"widget\" data-widget_type=\"icon-list.default\">\n\t\t\t\t\t\t\t<ul class=\"elementor-icon-list-items\">\n\t\t\t\t\t\t\t<li class=\"elementor-icon-list-item\">\n\t\t\t\t\t\t\t\t\t\t\t<span class=\"elementor-icon-list-icon\">\n\t\t\t\t\t\t\t<svg aria-hidden=\"true\" class=\"e-font-icon-svg e-far-calendar-alt\" viewBox=\"0 0 448 512\" xmlns=\"http:\/\/www.w3.org\/2000\/svg\"><path d=\"M148 288h-40c-6.6 0-12-5.4-12-12v-40c0-6.6 5.4-12 12-12h40c6.6 0 12 5.4 12 12v40c0 6.6-5.4 12-12 12zm108-12v-40c0-6.6-5.4-12-12-12h-40c-6.6 0-12 5.4-12 12v40c0 6.6 5.4 12 12 12h40c6.6 0 12-5.4 12-12zm96 0v-40c0-6.6-5.4-12-12-12h-40c-6.6 0-12 5.4-12 12v40c0 6.6 5.4 12 12 12h40c6.6 0 12-5.4 12-12zm-96 96v-40c0-6.6-5.4-12-12-12h-40c-6.6 0-12 5.4-12 12v40c0 6.6 5.4 12 12 12h40c6.6 0 12-5.4 12-12zm-96 0v-40c0-6.6-5.4-12-12-12h-40c-6.6 0-12 5.4-12 12v40c0 6.6 5.4 12 12 12h40c6.6 0 12-5.4 12-12zm192 0v-40c0-6.6-5.4-12-12-12h-40c-6.6 0-12 5.4-12 12v40c0 6.6 5.4 12 12 12h40c6.6 0 12-5.4 12-12zm96-260v352c0 26.5-21.5 48-48 48H48c-26.5 0-48-21.5-48-48V112c0-26.5 21.5-48 48-48h48V12c0-6.6 5.4-12 12-12h40c6.6 0 12 5.4 12 12v52h128V12c0-6.6 5.4-12 12-12h40c6.6 0 12 5.4 12 12v52h48c26.5 0 48 21.5 48 48zm-48 346V160H48v298c0 3.3 2.7 6 6 6h340c3.3 0 6-2.7 6-6z\"><\/path><\/svg>\t\t\t\t\t\t<\/span>\n\t\t\t\t\t\t\t\t\t\t<span class=\"elementor-icon-list-text\">06 de abril de 2026 at\u00e9 05 de maio de 2026<\/span>\n\t\t\t\t\t\t\t\t\t<\/li>\n\t\t\t\t\t\t\t\t<li class=\"elementor-icon-list-item\">\n\t\t\t\t\t\t\t\t\t\t\t<span class=\"elementor-icon-list-icon\">\n\t\t\t\t\t\t\t<svg aria-hidden=\"true\" class=\"e-font-icon-svg e-fas-map-marker-alt\" viewBox=\"0 0 384 512\" xmlns=\"http:\/\/www.w3.org\/2000\/svg\"><path d=\"M172.268 501.67C26.97 291.031 0 269.413 0 192 0 85.961 85.961 0 192 0s192 85.961 192 192c0 77.413-26.97 99.031-172.268 309.67-9.535 13.774-29.93 13.773-39.464 0zM192 272c44.183 0 80-35.817 80-80s-35.817-80-80-80-80 35.817-80 80 35.817 80 80 80z\"><\/path><\/svg>\t\t\t\t\t\t<\/span>\n\t\t\t\t\t\t\t\t\t\t<span class=\"elementor-icon-list-text\">S\u00e3o Paulo<\/span>\n\t\t\t\t\t\t\t\t\t<\/li>\n\t\t\t\t\t\t<\/ul>\n\t\t\t\t\t\t<\/div>\n\t\t\t\t<\/div>\n\t\t\t\t<\/div>\n\t\t\t\t<\/div>\n\t\t\t\t<\/div>\n\t\t\n\t\t\t\t\t\t<\/div>\n\t\t\t\t<\/div>\n\t\t\t\t\t<\/div>\n\t\t\t\t<\/div>\n\t\t<div class=\"elementor-element elementor-element-824ef30 e-flex e-con-boxed e-con e-parent\" data-id=\"824ef30\" data-element_type=\"container\" data-e-type=\"container\" data-settings=\"{&quot;background_background&quot;:&quot;classic&quot;}\">\n\t\t\t\t\t<div class=\"e-con-inner\">\n\t\t<div class=\"elementor-element elementor-element-92e5206 e-con-full e-flex e-con e-child\" data-id=\"92e5206\" data-element_type=\"container\" data-e-type=\"container\">\n\t\t\t\t<div class=\"elementor-element elementor-element-35f7b44 elementor-widget-laptop__width-initial elementor-widget elementor-widget-heading\" data-id=\"35f7b44\" data-element_type=\"widget\" data-e-type=\"widget\" data-widget_type=\"heading.default\">\n\t\t\t\t\t<h2 class=\"elementor-heading-title elementor-size-default\">Nossos cursos<\/h2>\t\t\t\t<\/div>\n\t\t\t\t<\/div>\n\t\t\t\t<div class=\"elementor-element elementor-element-edf6f29 elementor-grid-3 elementor-grid-tablet-2 elementor-grid-mobile-1 elementor-widget elementor-widget-loop-grid\" data-id=\"edf6f29\" data-element_type=\"widget\" data-e-type=\"widget\" data-settings=\"{&quot;template_id&quot;:&quot;2565&quot;,&quot;pagination_type&quot;:&quot;numbers_and_prev_next&quot;,&quot;pagination_load_type&quot;:&quot;ajax&quot;,&quot;_skin&quot;:&quot;post&quot;,&quot;columns&quot;:&quot;3&quot;,&quot;columns_tablet&quot;:&quot;2&quot;,&quot;columns_mobile&quot;:&quot;1&quot;,&quot;edit_handle_selector&quot;:&quot;[data-elementor-type=\\&quot;loop-item\\&quot;]&quot;,&quot;row_gap&quot;:{&quot;unit&quot;:&quot;px&quot;,&quot;size&quot;:&quot;&quot;,&quot;sizes&quot;:[]},&quot;row_gap_laptop&quot;:{&quot;unit&quot;:&quot;px&quot;,&quot;size&quot;:&quot;&quot;,&quot;sizes&quot;:[]},&quot;row_gap_tablet&quot;:{&quot;unit&quot;:&quot;px&quot;,&quot;size&quot;:&quot;&quot;,&quot;sizes&quot;:[]},&quot;row_gap_mobile&quot;:{&quot;unit&quot;:&quot;px&quot;,&quot;size&quot;:&quot;&quot;,&quot;sizes&quot;:[]}}\" data-widget_type=\"loop-grid.post\">\n\t\t\t\t<div class=\"elementor-widget-container\">\n\t\t\t\t\t\t\t<div class=\"e-loop-nothing-found-message\">\n\t\t<\/div>\n\t\t\t\t\t\t<\/div>\n\t\t\t\t<\/div>\n\t\t\t\t<div class=\"elementor-element elementor-element-254a17f elementor-widget elementor-widget-shortcode\" data-id=\"254a17f\" data-element_type=\"widget\" data-e-type=\"widget\" data-widget_type=\"shortcode.default\">\n\t\t\t\t\t\t\t<div class=\"elementor-shortcode\">\t\t<div data-elementor-type=\"section\" data-elementor-id=\"1150\" class=\"elementor elementor-1150\" data-elementor-post-type=\"elementor_library\">\n\t\t\t<div class=\"elementor-element elementor-element-06ff522 e-con-full e-flex e-con e-parent\" data-id=\"06ff522\" data-element_type=\"container\" data-e-type=\"container\">\n\t\t\t\t<div class=\"elementor-element elementor-element-3375fcb elementor-cta--layout-image-left elementor-cta--valign-bottom elementor-cta--mobile-layout-image-above cta-membro elementor-cta--skin-classic elementor-animated-content elementor-widget elementor-widget-call-to-action\" data-id=\"3375fcb\" data-element_type=\"widget\" data-e-type=\"widget\" data-widget_type=\"call-to-action.default\">\n\t\t\t\t\t\t\t<div class=\"elementor-cta\">\n\t\t\t\t\t<div class=\"elementor-cta__bg-wrapper\">\n\t\t\t\t<div class=\"elementor-cta__bg elementor-bg lazyload\" style=\"background-image:inherit;\" role=\"img\" aria-label=\"juntese-a-nos\" data-bg-image=\"url(https:\/\/abvcap.com.br\/wp-content\/uploads\/2025\/07\/juntese-a-nos.jpg)\"><\/div>\n\t\t\t\t<div class=\"elementor-cta__bg-overlay\"><\/div>\n\t\t\t<\/div>\n\t\t\t\t\t\t\t<div class=\"elementor-cta__content\">\n\t\t\t\t\n\t\t\t\t\t\t\t\t\t<div class=\"elementor-cta__title elementor-cta__content-item elementor-content-item\">\n\t\t\t\t\t\tJunte-se a n\u00f3s!\t\t\t\t\t<\/div>\n\t\t\t\t\n\t\t\t\t\t\t\t\t\t<div class=\"elementor-cta__description elementor-cta__content-item elementor-content-item\">\n\t\t\t\t\t\tAqui o futuro da ind\u00fastria de ativos alternativos est\u00e1 sendo moldado. Junte-se a n\u00f3s e aproveite todas as oportunidades para se conectar com l\u00edderes dessa ind\u00fastria e descobrir novas oportunidades de investimento e de neg\u00f3cios.\t\t\t\t\t<\/div>\n\t\t\t\t\n\t\t\t\t\t\t\t\t\t<div class=\"elementor-cta__button-wrapper elementor-cta__content-item elementor-content-item \">\n\t\t\t\t\t<a class=\"elementor-cta__button elementor-button elementor-size-\" href=\"https:\/\/abvcap.com.br\/torne-se-um-membro\/\">\n\t\t\t\t\t\tTorne-se um Membro\t\t\t\t\t<\/a>\n\t\t\t\t\t<\/div>\n\t\t\t\t\t\t\t<\/div>\n\t\t\t\t\t\t<\/div>\n\t\t\t\t\t\t<\/div>\n\t\t\t\t<\/div>\n\t\t\t\t<\/div>\n\t\t<\/div>\n\t\t\t\t\t\t<\/div>\n\t\t\t\t\t<\/div>\n\t\t\t\t<\/div>\n\t\t\t\t<\/div>\n\t\t","protected":false},"excerpt":{"rendered":"<p>Our courses<\/p>","protected":false},"author":1,"featured_media":0,"parent":182,"menu_order":0,"comment_status":"closed","ping_status":"closed","template":"","meta":{"_acf_changed":false,"_seopress_robots_primary_cat":"","_seopress_titles_title":"","_seopress_titles_desc":"","_seopress_robots_index":"","footnotes":""},"class_list":["post-145","page","type-page","status-publish","hentry"],"acf":[],"_links":{"self":[{"href":"https:\/\/abvcap.com.br\/en\/wp-json\/wp\/v2\/pages\/145","targetHints":{"allow":["GET"]}}],"collection":[{"href":"https:\/\/abvcap.com.br\/en\/wp-json\/wp\/v2\/pages"}],"about":[{"href":"https:\/\/abvcap.com.br\/en\/wp-json\/wp\/v2\/types\/page"}],"author":[{"embeddable":true,"href":"https:\/\/abvcap.com.br\/en\/wp-json\/wp\/v2\/users\/1"}],"replies":[{"embeddable":true,"href":"https:\/\/abvcap.com.br\/en\/wp-json\/wp\/v2\/comments?post=145"}],"version-history":[{"count":14,"href":"https:\/\/abvcap.com.br\/en\/wp-json\/wp\/v2\/pages\/145\/revisions"}],"predecessor-version":[{"id":4161,"href":"https:\/\/abvcap.com.br\/en\/wp-json\/wp\/v2\/pages\/145\/revisions\/4161"}],"up":[{"embeddable":true,"href":"https:\/\/abvcap.com.br\/en\/wp-json\/wp\/v2\/pages\/182"}],"wp:attachment":[{"href":"https:\/\/abvcap.com.br\/en\/wp-json\/wp\/v2\/media?parent=145"}],"curies":[{"name":"wp","href":"https:\/\/api.w.org\/{rel}","templated":true}]}}