{"id":3902,"date":"2025-09-05T11:22:06","date_gmt":"2025-09-05T14:22:06","guid":{"rendered":"https:\/\/abvcap.com.br\/?page_id=3902"},"modified":"2025-10-07T09:35:45","modified_gmt":"2025-10-07T12:35:45","slug":"conteudos-exclusivos","status":"publish","type":"page","link":"https:\/\/abvcap.com.br\/en\/conteudos-exclusivos\/","title":{"rendered":"Members Area \u2013 Exclusive Content"},"content":{"rendered":"<div class=\"abvcap-restricted-content\" data-post-id=\"5192\">\n            <!-- Preview do conte\u00fado -->\n            <div class=\"abvcap-content-preview\">\n                <p>Studies and Research ABVCAP Calendar Resolutions Circulars News Exclusive Content Media ABVCAP Calendar Resolutions Circulars News Exclusive Content Media ABVCAP Calendar Resolutions Circulars News Exclusive Content Media ABVCAP Calendar Resolutions Circulars News Exclusive Content Media Log in to access Studies and Research Pitchdeck Technical Opinion Technical Note Studies Brazil Private<\/p>\n                <div class=\"abvcap-fade-overlay\"><\/div>\n            <\/div>\n            \n            <!-- Barreira de acesso -->\n            <div class=\"abvcap-access-barrier\">\n                <div class=\"abvcap-lock-icon\">\ud83d\udd12<\/div>\n                \n                <div class=\"abvcap-restriction-info\">\n                    <h3 class=\"abvcap-title\">Exclusive content for ABVCAP members<\/h3>\n                    <p class=\"abvcap-description\">Log in with your Glue Up credentials to access the full content.<\/p>\n                    \n\n                <\/div>\n                \n                <!-- Formul\u00e1rio de login -->\n                <form class=\"abvcap-login-form\" data-post-id=\"5192\" action=\"\">\n                    <div class=\"abvcap-form-group\">\n                        <label for=\"abvcap-email-5192\">\n                            <span class=\"abvcap-label-text\">E-mail:<\/span>\n                            <input \n                                type=\"email\" \n                                id=\"abvcap-email-5192\" \n                                name=\"email\" \n                                class=\"abvcap-input\"\n                                placeholder=\"seu@email.com\"\n                                required\n autocomplete=\"email\"\n                            >\n                        <\/label>\n                    <\/div>\n                    \n                    <div class=\"abvcap-form-group\">\n                        <label for=\"abvcap-password-5192\">\n                            <span class=\"abvcap-label-text\">Password:<\/span>\n                            <input \n                                type=\"password\" \n                                id=\"abvcap-password-5192\" \n                                name=\"password\" \n                                class=\"abvcap-input\"\n                                placeholder=\"\u2022\u2022\u2022\u2022\u2022\u2022\u2022\u2022\"\n                                required\n autocomplete=\"current-password\"\n                            >\n                        <\/label>\n                    <\/div>\n                    \n                    <div class=\"abvcap-form-actions\">\n                        <button type=\"submit\" class=\"abvcap-login-btn\">\n                            <span class=\"abvcap-btn-text\">Log in<\/span>\n                            <span class=\"abvcap-btn-loading\" style=\"display: none;\">\n                                <span class=\"abvcap-spinner\"><\/span>\n                                Entering...\n                            <\/span>\n                        <\/button>\n                    <\/div>\n                    \n                    <div class=\"abvcap-login-message\"><\/div>\n                <input type=\"hidden\" name=\"trp-form-language\" value=\"en\"\/><\/form>\n                \n                <!-- Links \u00fateis -->\n                <div class=\"abvcap-help-links\">\n                    <p class=\"abvcap-help-text\">\n                        Not a member? <a href=\"\/en\/torne-se-um-membro\/\">Become a member<\/a>\n                    <\/p>\n                    <p class=\"abvcap-help-text\">\n                        Forgot your password? <a href=\"https:\/\/abvcap.glueup.com\/account\/recover\" target=\"_blank\">Click here<\/a>\n                    <\/p>\n                <\/div>\n            <\/div>\n        <\/div>","protected":false},"excerpt":{"rendered":"<p>Estudos e Pesquisas Estudos e Pesquisas Pitchdeck Parecer T\u00e9cnico Nota T\u00e9cnica ACESSAR ACESSAR Pitchdeck Parecer T\u00e9cnico Nota T\u00e9cnica Pitchdeck Parecer T\u00e9cnico Nota T\u00e9cnica \ud83d\udd12 Conte\u00fado exclusivo para membros ABVCAP Fa\u00e7a login com suas credenciais da Glue Up para acessar o conte\u00fado completo. Email: Senha: Fazer login Entrando&#8230; N\u00e3o \u00e9 membro? Torne-se um membro Esqueceu sua [&hellip;]<\/p>\n","protected":false},"author":1,"featured_media":0,"parent":0,"menu_order":0,"comment_status":"closed","ping_status":"closed","template":"","meta":{"_acf_changed":false,"_seopress_robots_primary_cat":"","_seopress_titles_title":"","_seopress_titles_desc":"","_seopress_robots_index":"","footnotes":""},"class_list":["post-3902","page","type-page","status-publish","hentry"],"acf":[],"_links":{"self":[{"href":"https:\/\/abvcap.com.br\/en\/wp-json\/wp\/v2\/pages\/3902","targetHints":{"allow":["GET"]}}],"collection":[{"href":"https:\/\/abvcap.com.br\/en\/wp-json\/wp\/v2\/pages"}],"about":[{"href":"https:\/\/abvcap.com.br\/en\/wp-json\/wp\/v2\/types\/page"}],"author":[{"embeddable":true,"href":"https:\/\/abvcap.com.br\/en\/wp-json\/wp\/v2\/users\/1"}],"replies":[{"embeddable":true,"href":"https:\/\/abvcap.com.br\/en\/wp-json\/wp\/v2\/comments?post=3902"}],"version-history":[{"count":39,"href":"https:\/\/abvcap.com.br\/en\/wp-json\/wp\/v2\/pages\/3902\/revisions"}],"predecessor-version":[{"id":5185,"href":"https:\/\/abvcap.com.br\/en\/wp-json\/wp\/v2\/pages\/3902\/revisions\/5185"}],"wp:attachment":[{"href":"https:\/\/abvcap.com.br\/en\/wp-json\/wp\/v2\/media?parent=3902"}],"curies":[{"name":"wp","href":"https:\/\/api.w.org\/{rel}","templated":true}]}}